{"id":10782,"date":"2020-04-24T12:05:40","date_gmt":"2020-04-24T16:05:40","guid":{"rendered":"https:\/\/colegiosagradafamilia.cl\/www\/?page_id=10782"},"modified":"2020-05-22T15:29:09","modified_gmt":"2020-05-22T19:29:09","slug":"horarios-sesiones-aula-virtual","status":"publish","type":"page","link":"https:\/\/colegiosagradafamilia.cl\/www\/horarios-sesiones-aula-virtual\/","title":{"rendered":"Horarios sesiones aula virtual"},"content":{"rendered":"<p>A continuaci\u00f3n encontrar\u00e1n la informaci\u00f3n de Horarios para sesiones en Aula Virtual para alumnos de Ciclo Inicial a IV Medio.<\/p>\n<div id='gallery-1' class='gallery galleryid-10782 gallery-columns-3 gallery-size-large'><figure class='gallery-item'>\n\t\t\t<div class='gallery-icon portrait'>\n\t\t\t\t<a href='https:\/\/colegiosagradafamilia.cl\/www\/wp-content\/uploads\/2020\/05\/Horario-Primer-Ciclo1-1.png' title=\"\" data-rl_title=\"\" class=\"rl-gallery-link\" data-rl_caption=\"\" data-rel=\"lightbox-gallery-1\"><img loading=\"lazy\" decoding=\"async\" width=\"666\" height=\"1024\" src=\"https:\/\/colegiosagradafamilia.cl\/www\/wp-content\/uploads\/2020\/05\/Horario-Primer-Ciclo1-1-666x1024.png\" class=\"attachment-large size-large\" alt=\"\" srcset=\"https:\/\/colegiosagradafamilia.cl\/www\/wp-content\/uploads\/2020\/05\/Horario-Primer-Ciclo1-1-666x1024.png 666w, https:\/\/colegiosagradafamilia.cl\/www\/wp-content\/uploads\/2020\/05\/Horario-Primer-Ciclo1-1-195x300.png 195w, https:\/\/colegiosagradafamilia.cl\/www\/wp-content\/uploads\/2020\/05\/Horario-Primer-Ciclo1-1-768x1181.png 768w, https:\/\/colegiosagradafamilia.cl\/www\/wp-content\/uploads\/2020\/05\/Horario-Primer-Ciclo1-1-999x1536.png 999w, https:\/\/colegiosagradafamilia.cl\/www\/wp-content\/uploads\/2020\/05\/Horario-Primer-Ciclo1-1.png 1037w\" sizes=\"auto, (max-width: 666px) 100vw, 666px\" \/><\/a>\n\t\t\t<\/div><\/figure><figure class='gallery-item'>\n\t\t\t<div class='gallery-icon portrait'>\n\t\t\t\t<a href='https:\/\/colegiosagradafamilia.cl\/www\/wp-content\/uploads\/2020\/05\/Horario-Segundo-Ciclo2-1.png' title=\"\" data-rl_title=\"\" class=\"rl-gallery-link\" data-rl_caption=\"\" data-rel=\"lightbox-gallery-1\"><img loading=\"lazy\" decoding=\"async\" width=\"592\" height=\"1024\" src=\"https:\/\/colegiosagradafamilia.cl\/www\/wp-content\/uploads\/2020\/05\/Horario-Segundo-Ciclo2-1-592x1024.png\" class=\"attachment-large size-large\" alt=\"\" srcset=\"https:\/\/colegiosagradafamilia.cl\/www\/wp-content\/uploads\/2020\/05\/Horario-Segundo-Ciclo2-1-592x1024.png 592w, https:\/\/colegiosagradafamilia.cl\/www\/wp-content\/uploads\/2020\/05\/Horario-Segundo-Ciclo2-1-174x300.png 174w, https:\/\/colegiosagradafamilia.cl\/www\/wp-content\/uploads\/2020\/05\/Horario-Segundo-Ciclo2-1-768x1328.png 768w, https:\/\/colegiosagradafamilia.cl\/www\/wp-content\/uploads\/2020\/05\/Horario-Segundo-Ciclo2-1-888x1536.png 888w, https:\/\/colegiosagradafamilia.cl\/www\/wp-content\/uploads\/2020\/05\/Horario-Segundo-Ciclo2-1.png 1037w\" sizes=\"auto, (max-width: 592px) 100vw, 592px\" \/><\/a>\n\t\t\t<\/div><\/figure><figure class='gallery-item'>\n\t\t\t<div class='gallery-icon portrait'>\n\t\t\t\t<a href='https:\/\/colegiosagradafamilia.cl\/www\/wp-content\/uploads\/2020\/05\/Horario-Ense\u00f1anza-Media3-2.png' title=\"\" data-rl_title=\"\" class=\"rl-gallery-link\" data-rl_caption=\"\" data-rel=\"lightbox-gallery-1\"><img loading=\"lazy\" decoding=\"async\" width=\"304\" height=\"1024\" src=\"https:\/\/colegiosagradafamilia.cl\/www\/wp-content\/uploads\/2020\/05\/Horario-Ense\u00f1anza-Media3-2-304x1024.png\" class=\"attachment-large size-large\" alt=\"\" srcset=\"https:\/\/colegiosagradafamilia.cl\/www\/wp-content\/uploads\/2020\/05\/Horario-Ense\u00f1anza-Media3-2-304x1024.png 304w, https:\/\/colegiosagradafamilia.cl\/www\/wp-content\/uploads\/2020\/05\/Horario-Ense\u00f1anza-Media3-2-89x300.png 89w, https:\/\/colegiosagradafamilia.cl\/www\/wp-content\/uploads\/2020\/05\/Horario-Ense\u00f1anza-Media3-2-768x2585.png 768w, https:\/\/colegiosagradafamilia.cl\/www\/wp-content\/uploads\/2020\/05\/Horario-Ense\u00f1anza-Media3-2-456x1536.png 456w, https:\/\/colegiosagradafamilia.cl\/www\/wp-content\/uploads\/2020\/05\/Horario-Ense\u00f1anza-Media3-2-608x2048.png 608w, https:\/\/colegiosagradafamilia.cl\/www\/wp-content\/uploads\/2020\/05\/Horario-Ense\u00f1anza-Media3-2.png 1037w\" sizes=\"auto, (max-width: 304px) 100vw, 304px\" \/><\/a>\n\t\t\t<\/div><\/figure>\n\t\t<\/div>\n\n","protected":false},"excerpt":{"rendered":"<div class=\"mh-excerpt\"><p>A continuaci\u00f3n encontrar\u00e1n la informaci\u00f3n de Horarios para sesiones en Aula Virtual para alumnos de Ciclo Inicial a IV Medio.<\/p>\n<\/div>","protected":false},"author":170,"featured_media":0,"parent":0,"menu_order":0,"comment_status":"closed","ping_status":"closed","template":"","meta":{"footnotes":""},"class_list":["post-10782","page","type-page","status-publish"],"_links":{"self":[{"href":"https:\/\/colegiosagradafamilia.cl\/www\/wp-json\/wp\/v2\/pages\/10782","targetHints":{"allow":["GET"]}}],"collection":[{"href":"https:\/\/colegiosagradafamilia.cl\/www\/wp-json\/wp\/v2\/pages"}],"about":[{"href":"https:\/\/colegiosagradafamilia.cl\/www\/wp-json\/wp\/v2\/types\/page"}],"author":[{"embeddable":true,"href":"https:\/\/colegiosagradafamilia.cl\/www\/wp-json\/wp\/v2\/users\/170"}],"replies":[{"embeddable":true,"href":"https:\/\/colegiosagradafamilia.cl\/www\/wp-json\/wp\/v2\/comments?post=10782"}],"version-history":[{"count":16,"href":"https:\/\/colegiosagradafamilia.cl\/www\/wp-json\/wp\/v2\/pages\/10782\/revisions"}],"predecessor-version":[{"id":10856,"href":"https:\/\/colegiosagradafamilia.cl\/www\/wp-json\/wp\/v2\/pages\/10782\/revisions\/10856"}],"wp:attachment":[{"href":"https:\/\/colegiosagradafamilia.cl\/www\/wp-json\/wp\/v2\/media?parent=10782"}],"curies":[{"name":"wp","href":"https:\/\/api.w.org\/{rel}","templated":true}]}}