{"id":251,"date":"2014-03-31T19:43:38","date_gmt":"2014-03-31T23:43:38","guid":{"rendered":"http:\/\/jubileo.cl\/www\/?page_id=251"},"modified":"2022-03-15T10:44:21","modified_gmt":"2022-03-15T13:44:21","slug":"quienes-somos","status":"publish","type":"page","link":"https:\/\/colegiosagradafamilia.cl\/www\/quienes-somos\/","title":{"rendered":"Historia"},"content":{"rendered":"<p>&nbsp;<\/p>\n<p><img loading=\"lazy\" decoding=\"async\" class=\"alignnone size-full wp-image-13074\" src=\"https:\/\/colegiosagradafamilia.cl\/www\/wp-content\/uploads\/2022\/03\/Historia.jpg\" alt=\"\" width=\"1280\" height=\"940\" srcset=\"https:\/\/colegiosagradafamilia.cl\/www\/wp-content\/uploads\/2022\/03\/Historia.jpg 1280w, https:\/\/colegiosagradafamilia.cl\/www\/wp-content\/uploads\/2022\/03\/Historia-300x220.jpg 300w, https:\/\/colegiosagradafamilia.cl\/www\/wp-content\/uploads\/2022\/03\/Historia-1024x752.jpg 1024w, https:\/\/colegiosagradafamilia.cl\/www\/wp-content\/uploads\/2022\/03\/Historia-768x564.jpg 768w, https:\/\/colegiosagradafamilia.cl\/www\/wp-content\/uploads\/2022\/03\/Historia-80x60.jpg 80w\" sizes=\"auto, (max-width: 1280px) 100vw, 1280px\" \/><\/p>\n<p>&nbsp;<\/p>\n<p>&nbsp;<\/p>\n<p style=\"text-align: justify;\"><span style=\"font-weight: 400;\">El Colegio Sagrada Familia inicia sus actividades en 1992, a partir del Jard\u00edn Infantil Jesus\u00b4Heart, funcionando inicialmente en una casa del sector de re\u00f1aca, en Vi\u00f1a del Mar. Se inicia como un colegio de mujeres y a los dos a\u00f1os de funcionamiento e incorporan los hombres implement\u00e1ndose el sistema coeducacional.<\/span><\/p>\n<p style=\"text-align: justify;\"><span style=\"font-weight: 400;\">En 1997, se traslada a su actual ubicaci\u00f3n en el sector Los Pinos de Re\u00f1aca. Nace como una iniciativa apost\u00f3lica en la que sacerdotes y laicos se unieron para servir a la comunidad desde el \u00e1mbito de la educaci\u00f3n, conforme a los lineamientos pedag\u00f3gicos del Padre Jos\u00e9 Kentenich, fundador del Movimiento de Schoenstatt.<\/span><\/p>\n<p style=\"text-align: justify;\"><span style=\"font-weight: 400;\">El 15 de agosto de 1998, el Directorio coron\u00f3 a la Virgen Mar\u00eda como Madre, Reina y Educadora del Colegio, consagrando y comprometi\u00e9ndose con Mar\u00eda en el cuidado, protecci\u00f3n y desarrollo de la comunidad. Un a\u00f1o despu\u00e9s, en 1999, se realiz\u00f3 la coronaci\u00f3n como colegio, agradeciendo la conducci\u00f3n que Ella hab\u00eda tenido del colegio desde sus inicios, reconocieron la magnitud de la misi\u00f3n que se les encargaba y en contraste a Ella, su peque\u00f1ez y debilidad.<\/span><\/p>\n<p style=\"text-align: justify;\"><span style=\"font-weight: 400;\">Actualmente, nuestro colegio forma parte de la Fundaci\u00f3n Pentecost\u00e9s y cuenta con m\u00e1s de 680 alumnos que realizan su formaci\u00f3n desde nivel medio mayor a cuarto medio y hemos visto egresar hasta ahora m\u00e1s de 14 generaciones que han llevado a otros espacios educacionales, laborales y familiares el sello Sagrada Familia.<\/span><\/p>\n<p>&nbsp;<\/p>\n<p>&nbsp;<\/p>\n","protected":false},"excerpt":{"rendered":"<div class=\"mh-excerpt\"><p>&nbsp; &nbsp; &nbsp; El Colegio Sagrada Familia inicia sus actividades en 1992, a partir del Jard\u00edn Infantil Jesus\u00b4Heart, funcionando inicialmente en una casa del sector de re\u00f1aca, en Vi\u00f1a del Mar. Se inicia como un <a class=\"mh-excerpt-more\" href=\"https:\/\/colegiosagradafamilia.cl\/www\/quienes-somos\/\" title=\"Historia\">[Leer m\u00e1s]<\/a><\/p>\n<\/div>","protected":false},"author":170,"featured_media":5842,"parent":0,"menu_order":0,"comment_status":"closed","ping_status":"open","template":"","meta":{"footnotes":""},"class_list":["post-251","page","type-page","status-publish","has-post-thumbnail"],"_links":{"self":[{"href":"https:\/\/colegiosagradafamilia.cl\/www\/wp-json\/wp\/v2\/pages\/251","targetHints":{"allow":["GET"]}}],"collection":[{"href":"https:\/\/colegiosagradafamilia.cl\/www\/wp-json\/wp\/v2\/pages"}],"about":[{"href":"https:\/\/colegiosagradafamilia.cl\/www\/wp-json\/wp\/v2\/types\/page"}],"author":[{"embeddable":true,"href":"https:\/\/colegiosagradafamilia.cl\/www\/wp-json\/wp\/v2\/users\/170"}],"replies":[{"embeddable":true,"href":"https:\/\/colegiosagradafamilia.cl\/www\/wp-json\/wp\/v2\/comments?post=251"}],"version-history":[{"count":14,"href":"https:\/\/colegiosagradafamilia.cl\/www\/wp-json\/wp\/v2\/pages\/251\/revisions"}],"predecessor-version":[{"id":13075,"href":"https:\/\/colegiosagradafamilia.cl\/www\/wp-json\/wp\/v2\/pages\/251\/revisions\/13075"}],"wp:featuredmedia":[{"embeddable":true,"href":"https:\/\/colegiosagradafamilia.cl\/www\/wp-json\/wp\/v2\/media\/5842"}],"wp:attachment":[{"href":"https:\/\/colegiosagradafamilia.cl\/www\/wp-json\/wp\/v2\/media?parent=251"}],"curies":[{"name":"wp","href":"https:\/\/api.w.org\/{rel}","templated":true}]}}